{"id":126,"date":"2023-06-22T04:49:02","date_gmt":"2023-06-22T04:49:02","guid":{"rendered":"https:\/\/menteflexible.com\/?page_id=126"},"modified":"2024-08-19T14:21:56","modified_gmt":"2024-08-19T14:21:56","slug":"quienes-somos","status":"publish","type":"page","link":"https:\/\/menteflexible.com\/index.php\/quienes-somos\/","title":{"rendered":"Quienes somos"},"content":{"rendered":"\n<div class=\"wp-block-media-text alignwide is-stacked-on-mobile\"><figure class=\"wp-block-media-text__media\"><img decoding=\"async\" loading=\"lazy\" width=\"576\" height=\"1024\" src=\"https:\/\/menteflexible.com\/wp-content\/uploads\/2023\/06\/f4e7f69b-316b-4f87-b3cf-4314e537839e-576x1024.jpg\" alt=\"\" class=\"wp-image-138 size-full\" srcset=\"https:\/\/menteflexible.com\/wp-content\/uploads\/2023\/06\/f4e7f69b-316b-4f87-b3cf-4314e537839e-576x1024.jpg 576w, https:\/\/menteflexible.com\/wp-content\/uploads\/2023\/06\/f4e7f69b-316b-4f87-b3cf-4314e537839e-169x300.jpg 169w, https:\/\/menteflexible.com\/wp-content\/uploads\/2023\/06\/f4e7f69b-316b-4f87-b3cf-4314e537839e-600x1067.jpg 600w, https:\/\/menteflexible.com\/wp-content\/uploads\/2023\/06\/f4e7f69b-316b-4f87-b3cf-4314e537839e.jpg 720w\" sizes=\"(max-width: 576px) 100vw, 576px\" \/><\/figure><div class=\"wp-block-media-text__content\">\n<p>Somos un grupo de empresas que a trav\u00e9s Vida Universitaria, A.C. traemos servicios de salud hol\u00edstica (cuerpo, mente y alma) para casos de: afecciones de f\u00edsicas (som\u00e1ticas), de conducta o actitud (problemas, trastornos y enfermedades mentales) y paz interior. Ofrecemos servicios de terapia, fisioterapia, enfermer\u00eda a domicilio para casos de cuidados para abuelitos, y medicina natur\u00f3pata, dietas en el tema de nutrici\u00f3n equilibrada para personas con sobrepeso, deportistas, y personas con necesidades especiales.<\/p>\n<\/div><\/div>\n\n\n\n<figure class=\"wp-block-video\"><video controls src=\"https:\/\/menteflexible.com\/wp-content\/uploads\/2024\/08\/WhatsApp-Video-2024-08-19-at-7.25.13-AM-2.mp4\"><\/video><\/figure>\n","protected":false},"excerpt":{"rendered":"<p>Somos un grupo de empresas que a trav\u00e9s Vida Universitaria, A.C. traemos servicios de salud hol\u00edstica (cuerpo, mente y alma) para casos de: afecciones de f\u00edsicas (som\u00e1ticas), de conducta o actitud (problemas, trastornos y enfermedades mentales) y paz interior. Ofrecemos servicios de terapia, fisioterapia, enfermer\u00eda a domicilio para casos de cuidados para abuelitos, y medicina &hellip; <\/p>\n<p class=\"link-more\"><a href=\"https:\/\/menteflexible.com\/index.php\/quienes-somos\/\" class=\"more-link\">Leer m\u00e1s<span class=\"screen-reader-text\"> \u00abQuienes somos\u00bb<\/span><\/a><\/p>\n","protected":false},"author":1,"featured_media":0,"parent":0,"menu_order":0,"comment_status":"closed","ping_status":"closed","template":"","meta":[],"featured_media_urls":[],"_links":{"self":[{"href":"https:\/\/menteflexible.com\/index.php\/wp-json\/wp\/v2\/pages\/126"}],"collection":[{"href":"https:\/\/menteflexible.com\/index.php\/wp-json\/wp\/v2\/pages"}],"about":[{"href":"https:\/\/menteflexible.com\/index.php\/wp-json\/wp\/v2\/types\/page"}],"author":[{"embeddable":true,"href":"https:\/\/menteflexible.com\/index.php\/wp-json\/wp\/v2\/users\/1"}],"replies":[{"embeddable":true,"href":"https:\/\/menteflexible.com\/index.php\/wp-json\/wp\/v2\/comments?post=126"}],"version-history":[{"count":3,"href":"https:\/\/menteflexible.com\/index.php\/wp-json\/wp\/v2\/pages\/126\/revisions"}],"predecessor-version":[{"id":214,"href":"https:\/\/menteflexible.com\/index.php\/wp-json\/wp\/v2\/pages\/126\/revisions\/214"}],"wp:attachment":[{"href":"https:\/\/menteflexible.com\/index.php\/wp-json\/wp\/v2\/media?parent=126"}],"curies":[{"name":"wp","href":"https:\/\/api.w.org\/{rel}","templated":true}]}}